{"id":10,"date":"2020-11-21T18:29:50","date_gmt":"2020-11-21T17:29:50","guid":{"rendered":"https:\/\/pocket-dolcevita.de\/wordpress\/?page_id=10"},"modified":"2022-02-15T16:57:52","modified_gmt":"2022-02-15T15:57:52","slug":"about","status":"publish","type":"page","link":"https:\/\/pocket-dolcevita.de\/?page_id=10","title":{"rendered":"About"},"content":{"rendered":"\t\t<div data-elementor-type=\"wp-page\" data-elementor-id=\"10\" class=\"elementor elementor-10\" data-elementor-settings=\"[]\">\n\t\t\t\t\t\t<div class=\"elementor-inner\">\n\t\t\t\t\t\t\t<div class=\"elementor-section-wrap\">\n\t\t\t\t\t\t\t<section class=\"elementor-section elementor-top-section elementor-element elementor-element-4ac9bcd elementor-section-boxed elementor-section-height-default elementor-section-height-default\" data-id=\"4ac9bcd\" data-element_type=\"section\">\n\t\t\t\t\t\t<div class=\"elementor-container elementor-column-gap-default\">\n\t\t\t\t\t\t\t<div class=\"elementor-row\">\n\t\t\t\t\t<div class=\"elementor-column elementor-col-100 elementor-top-column elementor-element elementor-element-b82c86d\" data-id=\"b82c86d\" data-element_type=\"column\">\n\t\t\t<div class=\"elementor-column-wrap elementor-element-populated\">\n\t\t\t\t\t\t\t<div class=\"elementor-widget-wrap\">\n\t\t\t\t\t\t<div class=\"elementor-element elementor-element-6ca3d7c elementor-widget elementor-widget-text-editor\" data-id=\"6ca3d7c\" data-element_type=\"widget\" data-widget_type=\"text-editor.default\">\n\t\t\t\t<div class=\"elementor-widget-container\">\n\t\t\t\t\t\t\t\t<div class=\"elementor-text-editor elementor-clearfix\">\n\t\t\t\t<h3><em>&#8222;La Dolce Vita, das ist Leichtigkeit &amp; Leidenschaft. <\/em><em>Eine Lebensart, die so besonders ist \u2013 so begehrenswert.&#8220;<\/em><\/h3><p>Italien ist f\u00fcr viele das Land, das scheinbar alles hat und kann. Str\u00e4nde und Sonne satt, zum Tr\u00e4umen sch\u00f6ne Landschaften sowie Stadtzentren, Kultur, Geschichte, Pizza, Pasta und Gelato. Und dann sind da noch die Italienerinnen und Italiener. Diese scheinen etwas anders zu machen. Savoir-vivre, wie ihre franz\u00f6sischen Nachbarn sagen w\u00fcrden. Sie nehmen das Leben meist leichter, doch k\u00f6nnen gleichzeitig leidenschaftlich f\u00fcr etwas einstehen. Sie genie\u00dfen das Leben und das am liebsten in Gesellschaft.<\/p><p>Bei <em><strong>The Pocket Dolce Vita<\/strong><\/em> geht es um authentische Einblicke in die echt italienische Lebensart.\u00a0<span style=\"font-size: 15px; letter-spacing: -0.2px;\">Uns ist es eine Herzensangelegenheit, dich mit unkomplizierten Tipps zu versorgen, wie auch du mehr Dolce Vita in deinen Alltag ganz leicht integrieren kannst.<\/span><\/p><p>Schreib uns gerne einen Kommentar oder eine Email. Wir freuen uns auf dich!<\/p><p>A presto!<\/p><p>The Pocket Dolce Vita<\/p>\t\t\t\t\t<\/div>\n\t\t\t\t\t\t<\/div>\n\t\t\t\t<\/div>\n\t\t\t\t<div class=\"elementor-element elementor-element-9b8bb2f elementor-align-center elementor-widget elementor-widget-button\" data-id=\"9b8bb2f\" data-element_type=\"widget\" data-widget_type=\"button.default\">\n\t\t\t\t<div class=\"elementor-widget-container\">\n\t\t\t\t\t<div class=\"elementor-button-wrapper\">\n\t\t\t<a href=\"#\" target=\"_blank\" class=\"elementor-button-link elementor-button elementor-size-sm\" role=\"button\">\n\t\t\t\t\t\t<span class=\"elementor-button-content-wrapper\">\n\t\t\t\t\t\t<span class=\"elementor-button-text\">Kontakt<\/span>\n\t\t<\/span>\n\t\t\t\t\t<\/a>\n\t\t<\/div>\n\t\t\t\t<\/div>\n\t\t\t\t<\/div>\n\t\t\t\t\t\t<\/div>\n\t\t\t\t\t<\/div>\n\t\t<\/div>\n\t\t\t\t\t\t\t\t<\/div>\n\t\t\t\t\t<\/div>\n\t\t<\/section>\n\t\t\t\t\t\t<\/div>\n\t\t\t\t\t\t<\/div>\n\t\t\t\t\t<\/div>\n\t\t","protected":false},"excerpt":{"rendered":"<p>&#8222;La Dolce Vita, das ist Leichtigkeit &amp; Leidenschaft. Eine Lebensart, die so besonders ist \u2013 so begehrenswert.&#8220; Italien ist f\u00fcr viele das Land, das scheinbar alles hat und kann. Str\u00e4nde und Sonne satt, zum Tr\u00e4umen sch\u00f6ne Landschaften sowie Stadtzentren, Kultur, Geschichte, Pizza, Pasta und Gelato. Und dann sind da noch die Italienerinnen und Italiener. Diese [&hellip;]<\/p>\n","protected":false},"author":1,"featured_media":0,"parent":0,"menu_order":0,"comment_status":"closed","ping_status":"closed","template":"","meta":[],"_links":{"self":[{"href":"https:\/\/pocket-dolcevita.de\/index.php?rest_route=\/wp\/v2\/pages\/10"}],"collection":[{"href":"https:\/\/pocket-dolcevita.de\/index.php?rest_route=\/wp\/v2\/pages"}],"about":[{"href":"https:\/\/pocket-dolcevita.de\/index.php?rest_route=\/wp\/v2\/types\/page"}],"author":[{"embeddable":true,"href":"https:\/\/pocket-dolcevita.de\/index.php?rest_route=\/wp\/v2\/users\/1"}],"replies":[{"embeddable":true,"href":"https:\/\/pocket-dolcevita.de\/index.php?rest_route=%2Fwp%2Fv2%2Fcomments&post=10"}],"version-history":[{"count":263,"href":"https:\/\/pocket-dolcevita.de\/index.php?rest_route=\/wp\/v2\/pages\/10\/revisions"}],"predecessor-version":[{"id":691,"href":"https:\/\/pocket-dolcevita.de\/index.php?rest_route=\/wp\/v2\/pages\/10\/revisions\/691"}],"wp:attachment":[{"href":"https:\/\/pocket-dolcevita.de\/index.php?rest_route=%2Fwp%2Fv2%2Fmedia&parent=10"}],"curies":[{"name":"wp","href":"https:\/\/api.w.org\/{rel}","templated":true}]}}